{"id":3399,"date":"2018-07-20T10:20:42","date_gmt":"2018-07-20T14:20:42","guid":{"rendered":"https:\/\/robinc.ca\/equipe\/"},"modified":"2025-08-12T11:05:39","modified_gmt":"2025-08-12T15:05:39","slug":"team","status":"publish","type":"page","link":"https:\/\/robinc.ca\/en\/team\/","title":{"rendered":"Team"},"content":{"rendered":"\t\t<div data-elementor-type=\"wp-post\" data-elementor-id=\"3399\" class=\"elementor elementor-3399 elementor-318\" data-elementor-post-type=\"page\">\n\t\t\t\t<div class=\"elementor-element elementor-element-3370aa1 e-flex e-con-boxed e-con e-parent\" data-id=\"3370aa1\" data-element_type=\"container\" data-e-type=\"container\">\n\t\t\t\t\t<div class=\"e-con-inner\">\n\t\t\t\t<div class=\"elementor-element elementor-element-c162c0c elementor-invisible elementor-widget elementor-widget-heading\" data-id=\"c162c0c\" data-element_type=\"widget\" data-e-type=\"widget\" data-settings=\"{&quot;_animation&quot;:&quot;fadeInRight&quot;}\" data-widget_type=\"heading.default\">\n\t\t\t\t<div class=\"elementor-widget-container\">\n\t\t\t\t\t<h1 class=\"elementor-heading-title elementor-size-default\">Team<\/h1>\t\t\t\t<\/div>\n\t\t\t\t<\/div>\n\t\t\t\t\t<\/div>\n\t\t\t\t<\/div>\n\t\t<div class=\"elementor-element elementor-element-39b1172 e-flex e-con-boxed e-con e-parent\" data-id=\"39b1172\" data-element_type=\"container\" data-e-type=\"container\">\n\t\t\t\t\t<div class=\"e-con-inner\">\n\t\t<div class=\"elementor-element elementor-element-367a73e e-flex e-con-boxed e-con e-child\" data-id=\"367a73e\" data-element_type=\"container\" data-e-type=\"container\">\n\t\t\t\t\t<div class=\"e-con-inner\">\n\t\t\t\t<div class=\"elementor-element elementor-element-529c00b elementor-absolute elementor-widget elementor-widget-image\" data-id=\"529c00b\" data-element_type=\"widget\" data-e-type=\"widget\" id=\"myImage\" data-settings=\"{&quot;_position&quot;:&quot;absolute&quot;}\" data-widget_type=\"image.default\">\n\t\t\t\t<div class=\"elementor-widget-container\">\n\t\t\t\t\t\t\t\t\t\t\t\t\t\t\t<img fetchpriority=\"high\" decoding=\"async\" width=\"772\" height=\"617\" src=\"https:\/\/robinc.ca\/wp-content\/uploads\/2024\/01\/mathieu-robineau-profil-1.png\" class=\"attachment-full size-full wp-image-3039\" alt=\"\" srcset=\"https:\/\/robinc.ca\/wp-content\/uploads\/2024\/01\/mathieu-robineau-profil-1.png 772w, https:\/\/robinc.ca\/wp-content\/uploads\/2024\/01\/mathieu-robineau-profil-1-300x240.png 300w, https:\/\/robinc.ca\/wp-content\/uploads\/2024\/01\/mathieu-robineau-profil-1-768x614.png 768w\" sizes=\"(max-width: 772px) 100vw, 772px\" \/>\t\t\t\t\t\t\t\t\t\t\t\t\t\t\t<\/div>\n\t\t\t\t<\/div>\n\t\t\t\t<div class=\"elementor-element elementor-element-1b0b8cf elementor-widget elementor-widget-heading\" data-id=\"1b0b8cf\" data-element_type=\"widget\" data-e-type=\"widget\" data-widget_type=\"heading.default\">\n\t\t\t\t<div class=\"elementor-widget-container\">\n\t\t\t\t\t<h2 class=\"elementor-heading-title elementor-size-default\">Mathieu Robineau  \\<\/h2>\t\t\t\t<\/div>\n\t\t\t\t<\/div>\n\t\t\t\t<div class=\"elementor-element elementor-element-e09cd55 elementor-widget elementor-widget-heading\" data-id=\"e09cd55\" data-element_type=\"widget\" data-e-type=\"widget\" data-widget_type=\"heading.default\">\n\t\t\t\t<div class=\"elementor-widget-container\">\n\t\t\t\t\t<p class=\"elementor-heading-title elementor-size-default\">Composer | Sound designer | Co-founder<\/p>\t\t\t\t<\/div>\n\t\t\t\t<\/div>\n\t\t\t\t<div class=\"elementor-element elementor-element-4072997 elementor-widget elementor-widget-text-editor\" data-id=\"4072997\" data-element_type=\"widget\" data-e-type=\"widget\" data-widget_type=\"text-editor.default\">\n\t\t\t\t<div class=\"elementor-widget-container\">\n\t\t\t\t\t\t\t\t\t<p>A formidable baseball pitcher in his youth, Mathieu&#8217;s never really left the mound. In art as in sports he&#8217;s constantly perfecting the consistency of his curve ball. Thanks to his attentive listening and focus to detail, he is able to throw every project a unique spin that allows it to hit its mark. His grace under pressure and enthusiastic team spirit makes every job spent in his company fly by. To this day the exploit that he is proudest of is the creation of his post production audio company Robin C in 2018 because it keeps him pitching!<\/p>\t\t\t\t\t\t\t\t<\/div>\n\t\t\t\t<\/div>\n\t\t\t\t<div class=\"elementor-element elementor-element-36f6df2 elementor-widget elementor-widget-heading\" data-id=\"36f6df2\" data-element_type=\"widget\" data-e-type=\"widget\" data-widget_type=\"heading.default\">\n\t\t\t\t<div class=\"elementor-widget-container\">\n\t\t\t\t\t<p class=\"elementor-heading-title elementor-size-default\"><a href=\"mailto:mathieu@robinc.ca\">mathieu@robinc.ca<\/a><\/p>\t\t\t\t<\/div>\n\t\t\t\t<\/div>\n\t\t\t\t\t<\/div>\n\t\t\t\t<\/div>\n\t\t<div class=\"elementor-element elementor-element-a2e55da e-flex e-con-boxed e-con e-child\" data-id=\"a2e55da\" data-element_type=\"container\" data-e-type=\"container\">\n\t\t\t\t\t<div class=\"e-con-inner\">\n\t\t\t\t<div class=\"elementor-element elementor-element-40b269a elementor-absolute elementor-widget elementor-widget-image\" data-id=\"40b269a\" data-element_type=\"widget\" data-e-type=\"widget\" id=\"myImage\" data-settings=\"{&quot;_position&quot;:&quot;absolute&quot;}\" data-widget_type=\"image.default\">\n\t\t\t\t<div class=\"elementor-widget-container\">\n\t\t\t\t\t\t\t\t\t\t\t\t\t\t\t<img decoding=\"async\" width=\"771\" height=\"615\" src=\"https:\/\/robinc.ca\/wp-content\/uploads\/2024\/01\/jean-francois-cote-profil.png\" class=\"attachment-full size-full wp-image-3053\" alt=\"\" srcset=\"https:\/\/robinc.ca\/wp-content\/uploads\/2024\/01\/jean-francois-cote-profil.png 771w, https:\/\/robinc.ca\/wp-content\/uploads\/2024\/01\/jean-francois-cote-profil-300x239.png 300w, https:\/\/robinc.ca\/wp-content\/uploads\/2024\/01\/jean-francois-cote-profil-768x613.png 768w\" sizes=\"(max-width: 771px) 100vw, 771px\" \/>\t\t\t\t\t\t\t\t\t\t\t\t\t\t\t<\/div>\n\t\t\t\t<\/div>\n\t\t\t\t<div class=\"elementor-element elementor-element-7c0f473 elementor-widget elementor-widget-heading\" data-id=\"7c0f473\" data-element_type=\"widget\" data-e-type=\"widget\" data-widget_type=\"heading.default\">\n\t\t\t\t<div class=\"elementor-widget-container\">\n\t\t\t\t\t<h2 class=\"elementor-heading-title elementor-size-default\">Jean-Fran\u00e7ois C\u00f4t\u00e9  \\<\/h2>\t\t\t\t<\/div>\n\t\t\t\t<\/div>\n\t\t\t\t<div class=\"elementor-element elementor-element-2d748e2 elementor-widget elementor-widget-heading\" data-id=\"2d748e2\" data-element_type=\"widget\" data-e-type=\"widget\" data-widget_type=\"heading.default\">\n\t\t\t\t<div class=\"elementor-widget-container\">\n\t\t\t\t\t<p class=\"elementor-heading-title elementor-size-default\">Sound mixer | Composer | Co-founder<\/p>\t\t\t\t<\/div>\n\t\t\t\t<\/div>\n\t\t\t\t<div class=\"elementor-element elementor-element-2ef626f elementor-widget elementor-widget-text-editor\" data-id=\"2ef626f\" data-element_type=\"widget\" data-e-type=\"widget\" data-widget_type=\"text-editor.default\">\n\t\t\t\t<div class=\"elementor-widget-container\">\n\t\t\t\t\t\t\t\t\t<p>Do you need a log cabin in the woods? a patio, or a good mix? Then look no further than Jee. A builder in every sense of the word, he loves to strip things down, revealing and building new foundations that breath life into unique sonic worlds. With Jee your soundscape or soundtrack is in the hands of a seasoned craftsman that will leave no stone unturned in his quest for perfection. His mixes hit as hard as his hammer because after all Jee loves his job.<\/p>\t\t\t\t\t\t\t\t<\/div>\n\t\t\t\t<\/div>\n\t\t\t\t<div class=\"elementor-element elementor-element-fbca91f elementor-widget elementor-widget-heading\" data-id=\"fbca91f\" data-element_type=\"widget\" data-e-type=\"widget\" data-widget_type=\"heading.default\">\n\t\t\t\t<div class=\"elementor-widget-container\">\n\t\t\t\t\t<p class=\"elementor-heading-title elementor-size-default\"><a href=\"mailto:jf@robinc.ca\">jf@robinc.ca<\/a><\/p>\t\t\t\t<\/div>\n\t\t\t\t<\/div>\n\t\t\t\t\t<\/div>\n\t\t\t\t<\/div>\n\t\t\t\t\t<\/div>\n\t\t\t\t<\/div>\n\t\t<div class=\"elementor-element elementor-element-394cbc8 e-flex e-con-boxed e-con e-parent\" data-id=\"394cbc8\" data-element_type=\"container\" data-e-type=\"container\">\n\t\t\t\t\t<div class=\"e-con-inner\">\n\t\t<div class=\"elementor-element elementor-element-4f7ebe1 e-flex e-con-boxed e-con e-child\" data-id=\"4f7ebe1\" data-element_type=\"container\" data-e-type=\"container\">\n\t\t\t\t\t<div class=\"e-con-inner\">\n\t\t\t\t<div class=\"elementor-element elementor-element-6a27763 elementor-absolute elementor-widget elementor-widget-image\" data-id=\"6a27763\" data-element_type=\"widget\" data-e-type=\"widget\" id=\"myImage\" data-settings=\"{&quot;_position&quot;:&quot;absolute&quot;}\" data-widget_type=\"image.default\">\n\t\t\t\t<div class=\"elementor-widget-container\">\n\t\t\t\t\t\t\t\t\t\t\t\t\t\t\t<img decoding=\"async\" width=\"771\" height=\"615\" src=\"https:\/\/robinc.ca\/wp-content\/uploads\/2024\/01\/benoit-fecteau-profil.png\" class=\"attachment-full size-full wp-image-3052\" alt=\"\" srcset=\"https:\/\/robinc.ca\/wp-content\/uploads\/2024\/01\/benoit-fecteau-profil.png 771w, https:\/\/robinc.ca\/wp-content\/uploads\/2024\/01\/benoit-fecteau-profil-300x239.png 300w, https:\/\/robinc.ca\/wp-content\/uploads\/2024\/01\/benoit-fecteau-profil-768x613.png 768w\" sizes=\"(max-width: 771px) 100vw, 771px\" \/>\t\t\t\t\t\t\t\t\t\t\t\t\t\t\t<\/div>\n\t\t\t\t<\/div>\n\t\t\t\t<div class=\"elementor-element elementor-element-d3f5e5e elementor-widget elementor-widget-heading\" data-id=\"d3f5e5e\" data-element_type=\"widget\" data-e-type=\"widget\" data-widget_type=\"heading.default\">\n\t\t\t\t<div class=\"elementor-widget-container\">\n\t\t\t\t\t<h2 class=\"elementor-heading-title elementor-size-default\">Benoit Fecteau  \\<\/h2>\t\t\t\t<\/div>\n\t\t\t\t<\/div>\n\t\t\t\t<div class=\"elementor-element elementor-element-1638815 elementor-widget elementor-widget-heading\" data-id=\"1638815\" data-element_type=\"widget\" data-e-type=\"widget\" data-widget_type=\"heading.default\">\n\t\t\t\t<div class=\"elementor-widget-container\">\n\t\t\t\t\t<p class=\"elementor-heading-title elementor-size-default\">Sound mixer | Musician | Technical direction<\/p>\t\t\t\t<\/div>\n\t\t\t\t<\/div>\n\t\t\t\t<div class=\"elementor-element elementor-element-7ab9944 elementor-widget elementor-widget-text-editor\" data-id=\"7ab9944\" data-element_type=\"widget\" data-e-type=\"widget\" data-widget_type=\"text-editor.default\">\n\t\t\t\t<div class=\"elementor-widget-container\">\n\t\t\t\t\t\t\t\t\t<p>If Benoit borrows an electronic device don&#8217;t be surprised if you get it back in better shape than it was. Without even knowing, your machine would have been dismantled and entirely reconstructed for better. Proud son of a Beauceron inventor, Ben is curious by nature, attentive to details, and not afraid to dig below the surface and get to the heart of a machine. Whether he&#8217;s playing guitar or creating a mix. Ben fulfills each project with the same ingenuity.<\/p>\t\t\t\t\t\t\t\t<\/div>\n\t\t\t\t<\/div>\n\t\t\t\t<div class=\"elementor-element elementor-element-208bcf8 elementor-widget elementor-widget-heading\" data-id=\"208bcf8\" data-element_type=\"widget\" data-e-type=\"widget\" data-widget_type=\"heading.default\">\n\t\t\t\t<div class=\"elementor-widget-container\">\n\t\t\t\t\t<p class=\"elementor-heading-title elementor-size-default\"><a href=\"mailto:benoit@robinc.ca\">benoit@robinc.ca<\/a><\/p>\t\t\t\t<\/div>\n\t\t\t\t<\/div>\n\t\t\t\t\t<\/div>\n\t\t\t\t<\/div>\n\t\t<div class=\"elementor-element elementor-element-8eaef5a e-flex e-con-boxed e-con e-child\" data-id=\"8eaef5a\" data-element_type=\"container\" data-e-type=\"container\">\n\t\t\t\t\t<div class=\"e-con-inner\">\n\t\t\t\t<div class=\"elementor-element elementor-element-7fe44fa elementor-absolute elementor-widget elementor-widget-image\" data-id=\"7fe44fa\" data-element_type=\"widget\" data-e-type=\"widget\" id=\"myImage\" data-settings=\"{&quot;_position&quot;:&quot;absolute&quot;}\" data-widget_type=\"image.default\">\n\t\t\t\t<div class=\"elementor-widget-container\">\n\t\t\t\t\t\t\t\t\t\t\t\t\t\t\t<img loading=\"lazy\" decoding=\"async\" width=\"771\" height=\"615\" src=\"https:\/\/robinc.ca\/wp-content\/uploads\/2024\/01\/laurie-laberge-profil.png\" class=\"attachment-full size-full wp-image-3054\" alt=\"\" srcset=\"https:\/\/robinc.ca\/wp-content\/uploads\/2024\/01\/laurie-laberge-profil.png 771w, https:\/\/robinc.ca\/wp-content\/uploads\/2024\/01\/laurie-laberge-profil-300x239.png 300w, https:\/\/robinc.ca\/wp-content\/uploads\/2024\/01\/laurie-laberge-profil-768x613.png 768w\" sizes=\"(max-width: 771px) 100vw, 771px\" \/>\t\t\t\t\t\t\t\t\t\t\t\t\t\t\t<\/div>\n\t\t\t\t<\/div>\n\t\t\t\t<div class=\"elementor-element elementor-element-b069468 elementor-widget elementor-widget-heading\" data-id=\"b069468\" data-element_type=\"widget\" data-e-type=\"widget\" data-widget_type=\"heading.default\">\n\t\t\t\t<div class=\"elementor-widget-container\">\n\t\t\t\t\t<h2 class=\"elementor-heading-title elementor-size-default\">Laurie Laberge   \\<\/h2>\t\t\t\t<\/div>\n\t\t\t\t<\/div>\n\t\t\t\t<div class=\"elementor-element elementor-element-ec6b924 elementor-widget elementor-widget-heading\" data-id=\"ec6b924\" data-element_type=\"widget\" data-e-type=\"widget\" data-widget_type=\"heading.default\">\n\t\t\t\t<div class=\"elementor-widget-container\">\n\t\t\t\t\t<p class=\"elementor-heading-title elementor-size-default\">Project Manager<\/p>\t\t\t\t<\/div>\n\t\t\t\t<\/div>\n\t\t\t\t<div class=\"elementor-element elementor-element-a5450ff elementor-widget elementor-widget-text-editor\" data-id=\"a5450ff\" data-element_type=\"widget\" data-e-type=\"widget\" data-widget_type=\"text-editor.default\">\n\t\t\t\t<div class=\"elementor-widget-container\">\n\t\t\t\t\t\t\t\t\t<p>Mrs. Unfailing Memory. The right woman for the job. Laurie thinks of everything and foresees even the unforeseeable. That&#8217;s the way she is\u2026 kind of a wizard. It seems she fell in the absolute strictness cauldron as a child. Is she perfect? In our view she is. Her little weakness: eating jujubes.<\/p>\t\t\t\t\t\t\t\t<\/div>\n\t\t\t\t<\/div>\n\t\t\t\t<div class=\"elementor-element elementor-element-9ab893a elementor-widget elementor-widget-heading\" data-id=\"9ab893a\" data-element_type=\"widget\" data-e-type=\"widget\" data-widget_type=\"heading.default\">\n\t\t\t\t<div class=\"elementor-widget-container\">\n\t\t\t\t\t<p class=\"elementor-heading-title elementor-size-default\"><a href=\"mailto:laurie@robinc.ca\">laurie@robinc.ca<\/a><\/p>\t\t\t\t<\/div>\n\t\t\t\t<\/div>\n\t\t\t\t\t<\/div>\n\t\t\t\t<\/div>\n\t\t\t\t\t<\/div>\n\t\t\t\t<\/div>\n\t\t<div class=\"elementor-element elementor-element-fdd3dd9 e-flex e-con-boxed e-con e-parent\" data-id=\"fdd3dd9\" data-element_type=\"container\" data-e-type=\"container\">\n\t\t\t\t\t<div class=\"e-con-inner\">\n\t\t<div class=\"elementor-element elementor-element-641360c e-flex e-con-boxed e-con e-child\" data-id=\"641360c\" data-element_type=\"container\" data-e-type=\"container\">\n\t\t\t\t\t<div class=\"e-con-inner\">\n\t\t\t\t<div class=\"elementor-element elementor-element-0ad2c3c elementor-widget elementor-widget-image\" data-id=\"0ad2c3c\" data-element_type=\"widget\" data-e-type=\"widget\" data-settings=\"{&quot;motion_fx_motion_fx_scrolling&quot;:&quot;yes&quot;,&quot;motion_fx_translateX_effect&quot;:&quot;yes&quot;,&quot;motion_fx_translateX_direction&quot;:&quot;negative&quot;,&quot;motion_fx_translateX_speed&quot;:{&quot;unit&quot;:&quot;px&quot;,&quot;size&quot;:3,&quot;sizes&quot;:[]},&quot;motion_fx_translateX_affectedRange&quot;:{&quot;unit&quot;:&quot;%&quot;,&quot;size&quot;:&quot;&quot;,&quot;sizes&quot;:{&quot;start&quot;:0,&quot;end&quot;:100}},&quot;motion_fx_devices&quot;:[&quot;widescreen&quot;,&quot;desktop&quot;,&quot;laptop&quot;,&quot;tablet_extra&quot;,&quot;tablet&quot;,&quot;mobile_extra&quot;,&quot;mobile&quot;]}\" data-widget_type=\"image.default\">\n\t\t\t\t<div class=\"elementor-widget-container\">\n\t\t\t\t\t\t\t\t\t\t\t\t\t\t\t<img loading=\"lazy\" decoding=\"async\" width=\"180\" height=\"243\" src=\"https:\/\/robinc.ca\/wp-content\/uploads\/2024\/01\/slash-big.svg\" class=\"attachment-full size-full wp-image-2870\" alt=\"\" \/>\t\t\t\t\t\t\t\t\t\t\t\t\t\t\t<\/div>\n\t\t\t\t<\/div>\n\t\t\t\t\t<\/div>\n\t\t\t\t<\/div>\n\t\t\t\t\t<\/div>\n\t\t\t\t<\/div>\n\t\t\t\t<\/div>\n\t\t","protected":false},"excerpt":{"rendered":"<p>Team Mathieu Robineau Composer | Sound designer | Co-founder A formidable baseball pitcher in his youth, Mathieu&#8217;s never really left the mound. In art as in sports he&#8217;s constantly perfecting the consistency of his curve ball. Thanks to his attentive listening and focus to detail, he is able to throw every project a unique spin [&hellip;]<\/p>\n","protected":false},"author":1,"featured_media":0,"parent":0,"menu_order":0,"comment_status":"closed","ping_status":"closed","template":"","meta":{"_acf_changed":false,"footnotes":""},"class_list":["post-3399","page","type-page","status-publish","hentry"],"acf":[],"yoast_head":"<!-- This site is optimized with the Yoast SEO plugin v24.1 - https:\/\/yoast.com\/wordpress\/plugins\/seo\/ -->\n<title>Team - ROBIN\\C<\/title>\n<meta name=\"robots\" content=\"index, follow, max-snippet:-1, max-image-preview:large, max-video-preview:-1\" \/>\n<meta property=\"og:locale\" content=\"en_US\" \/>\n<meta property=\"og:type\" content=\"article\" \/>\n<meta property=\"og:title\" content=\"Team - ROBIN\\C\" \/>\n<meta property=\"og:description\" content=\"Team Mathieu Robineau Composer | Sound designer | Co-founder A formidable baseball pitcher in his youth, Mathieu&#8217;s never really left the mound. In art as in sports he&#8217;s constantly perfecting the consistency of his curve ball. Thanks to his attentive listening and focus to detail, he is able to throw every project a unique spin [&hellip;]\" \/>\n<meta property=\"og:url\" content=\"https:\/\/robinc.ca\/en\/team\/\" \/>\n<meta property=\"og:site_name\" content=\"ROBIN\\C\" \/>\n<meta property=\"article:publisher\" content=\"https:\/\/www.facebook.com\/robinc.ca\" \/>\n<meta property=\"article:modified_time\" content=\"2025-08-12T15:05:39+00:00\" \/>\n<meta property=\"og:image\" content=\"https:\/\/robinc.ca\/wp-content\/uploads\/2024\/01\/mathieu-robineau-profil-1.png\" \/>\n\t<meta property=\"og:image:width\" content=\"772\" \/>\n\t<meta property=\"og:image:height\" content=\"617\" \/>\n\t<meta property=\"og:image:type\" content=\"image\/png\" \/>\n<meta name=\"twitter:card\" content=\"summary_large_image\" \/>\n<meta name=\"twitter:label1\" content=\"Est. reading time\" \/>\n\t<meta name=\"twitter:data1\" content=\"3 minutes\" \/>\n<script type=\"application\/ld+json\" class=\"yoast-schema-graph\">{\"@context\":\"https:\/\/schema.org\",\"@graph\":[{\"@type\":\"WebPage\",\"@id\":\"https:\/\/robinc.ca\/en\/team\/\",\"url\":\"https:\/\/robinc.ca\/en\/team\/\",\"name\":\"Team - ROBIN\\\\C\",\"isPartOf\":{\"@id\":\"https:\/\/robinc.ca\/en\/#website\"},\"primaryImageOfPage\":{\"@id\":\"https:\/\/robinc.ca\/en\/team\/#primaryimage\"},\"image\":{\"@id\":\"https:\/\/robinc.ca\/en\/team\/#primaryimage\"},\"thumbnailUrl\":\"https:\/\/robinc.ca\/wp-content\/uploads\/2024\/01\/mathieu-robineau-profil-1.png\",\"datePublished\":\"2018-07-20T14:20:42+00:00\",\"dateModified\":\"2025-08-12T15:05:39+00:00\",\"breadcrumb\":{\"@id\":\"https:\/\/robinc.ca\/en\/team\/#breadcrumb\"},\"inLanguage\":\"en-US\",\"potentialAction\":[{\"@type\":\"ReadAction\",\"target\":[\"https:\/\/robinc.ca\/en\/team\/\"]}]},{\"@type\":\"ImageObject\",\"inLanguage\":\"en-US\",\"@id\":\"https:\/\/robinc.ca\/en\/team\/#primaryimage\",\"url\":\"https:\/\/robinc.ca\/wp-content\/uploads\/2024\/01\/mathieu-robineau-profil-1.png\",\"contentUrl\":\"https:\/\/robinc.ca\/wp-content\/uploads\/2024\/01\/mathieu-robineau-profil-1.png\"},{\"@type\":\"BreadcrumbList\",\"@id\":\"https:\/\/robinc.ca\/en\/team\/#breadcrumb\",\"itemListElement\":[{\"@type\":\"ListItem\",\"position\":1,\"name\":\"Accueil\",\"item\":\"https:\/\/robinc.ca\/en\/\"},{\"@type\":\"ListItem\",\"position\":2,\"name\":\"Team\"}]},{\"@type\":\"WebSite\",\"@id\":\"https:\/\/robinc.ca\/en\/#website\",\"url\":\"https:\/\/robinc.ca\/en\/\",\"name\":\"Robin C\",\"description\":\"Conception sonore\",\"publisher\":{\"@id\":\"https:\/\/robinc.ca\/en\/#organization\"},\"potentialAction\":[{\"@type\":\"SearchAction\",\"target\":{\"@type\":\"EntryPoint\",\"urlTemplate\":\"https:\/\/robinc.ca\/en\/?s={search_term_string}\"},\"query-input\":{\"@type\":\"PropertyValueSpecification\",\"valueRequired\":true,\"valueName\":\"search_term_string\"}}],\"inLanguage\":\"en-US\"},{\"@type\":\"Organization\",\"@id\":\"https:\/\/robinc.ca\/en\/#organization\",\"name\":\"ROBIN\\\\C\",\"url\":\"https:\/\/robinc.ca\/en\/\",\"logo\":{\"@type\":\"ImageObject\",\"inLanguage\":\"en-US\",\"@id\":\"https:\/\/robinc.ca\/en\/#\/schema\/logo\/image\/\",\"url\":\"https:\/\/robinc.ca\/wp-content\/uploads\/2024\/01\/og-image-robinc.jpg\",\"contentUrl\":\"https:\/\/robinc.ca\/wp-content\/uploads\/2024\/01\/og-image-robinc.jpg\",\"width\":2400,\"height\":1260,\"caption\":\"ROBIN\\\\C\"},\"image\":{\"@id\":\"https:\/\/robinc.ca\/en\/#\/schema\/logo\/image\/\"},\"sameAs\":[\"https:\/\/www.facebook.com\/robinc.ca\",\"https:\/\/www.instagram.com\/robinc_ca\/\"]}]}<\/script>\n<!-- \/ Yoast SEO plugin. -->","yoast_head_json":{"title":"Team - ROBIN\\C","robots":{"index":"index","follow":"follow","max-snippet":"max-snippet:-1","max-image-preview":"max-image-preview:large","max-video-preview":"max-video-preview:-1"},"og_locale":"en_US","og_type":"article","og_title":"Team - ROBIN\\C","og_description":"Team Mathieu Robineau Composer | Sound designer | Co-founder A formidable baseball pitcher in his youth, Mathieu&#8217;s never really left the mound. In art as in sports he&#8217;s constantly perfecting the consistency of his curve ball. Thanks to his attentive listening and focus to detail, he is able to throw every project a unique spin [&hellip;]","og_url":"https:\/\/robinc.ca\/en\/team\/","og_site_name":"ROBIN\\C","article_publisher":"https:\/\/www.facebook.com\/robinc.ca","article_modified_time":"2025-08-12T15:05:39+00:00","og_image":[{"width":772,"height":617,"url":"https:\/\/robinc.ca\/wp-content\/uploads\/2024\/01\/mathieu-robineau-profil-1.png","type":"image\/png"}],"twitter_card":"summary_large_image","twitter_misc":{"Est. reading time":"3 minutes"},"schema":{"@context":"https:\/\/schema.org","@graph":[{"@type":"WebPage","@id":"https:\/\/robinc.ca\/en\/team\/","url":"https:\/\/robinc.ca\/en\/team\/","name":"Team - ROBIN\\C","isPartOf":{"@id":"https:\/\/robinc.ca\/en\/#website"},"primaryImageOfPage":{"@id":"https:\/\/robinc.ca\/en\/team\/#primaryimage"},"image":{"@id":"https:\/\/robinc.ca\/en\/team\/#primaryimage"},"thumbnailUrl":"https:\/\/robinc.ca\/wp-content\/uploads\/2024\/01\/mathieu-robineau-profil-1.png","datePublished":"2018-07-20T14:20:42+00:00","dateModified":"2025-08-12T15:05:39+00:00","breadcrumb":{"@id":"https:\/\/robinc.ca\/en\/team\/#breadcrumb"},"inLanguage":"en-US","potentialAction":[{"@type":"ReadAction","target":["https:\/\/robinc.ca\/en\/team\/"]}]},{"@type":"ImageObject","inLanguage":"en-US","@id":"https:\/\/robinc.ca\/en\/team\/#primaryimage","url":"https:\/\/robinc.ca\/wp-content\/uploads\/2024\/01\/mathieu-robineau-profil-1.png","contentUrl":"https:\/\/robinc.ca\/wp-content\/uploads\/2024\/01\/mathieu-robineau-profil-1.png"},{"@type":"BreadcrumbList","@id":"https:\/\/robinc.ca\/en\/team\/#breadcrumb","itemListElement":[{"@type":"ListItem","position":1,"name":"Accueil","item":"https:\/\/robinc.ca\/en\/"},{"@type":"ListItem","position":2,"name":"Team"}]},{"@type":"WebSite","@id":"https:\/\/robinc.ca\/en\/#website","url":"https:\/\/robinc.ca\/en\/","name":"Robin C","description":"Conception sonore","publisher":{"@id":"https:\/\/robinc.ca\/en\/#organization"},"potentialAction":[{"@type":"SearchAction","target":{"@type":"EntryPoint","urlTemplate":"https:\/\/robinc.ca\/en\/?s={search_term_string}"},"query-input":{"@type":"PropertyValueSpecification","valueRequired":true,"valueName":"search_term_string"}}],"inLanguage":"en-US"},{"@type":"Organization","@id":"https:\/\/robinc.ca\/en\/#organization","name":"ROBIN\\C","url":"https:\/\/robinc.ca\/en\/","logo":{"@type":"ImageObject","inLanguage":"en-US","@id":"https:\/\/robinc.ca\/en\/#\/schema\/logo\/image\/","url":"https:\/\/robinc.ca\/wp-content\/uploads\/2024\/01\/og-image-robinc.jpg","contentUrl":"https:\/\/robinc.ca\/wp-content\/uploads\/2024\/01\/og-image-robinc.jpg","width":2400,"height":1260,"caption":"ROBIN\\C"},"image":{"@id":"https:\/\/robinc.ca\/en\/#\/schema\/logo\/image\/"},"sameAs":["https:\/\/www.facebook.com\/robinc.ca","https:\/\/www.instagram.com\/robinc_ca\/"]}]}},"_links":{"self":[{"href":"https:\/\/robinc.ca\/en\/wp-json\/wp\/v2\/pages\/3399","targetHints":{"allow":["GET"]}}],"collection":[{"href":"https:\/\/robinc.ca\/en\/wp-json\/wp\/v2\/pages"}],"about":[{"href":"https:\/\/robinc.ca\/en\/wp-json\/wp\/v2\/types\/page"}],"author":[{"embeddable":true,"href":"https:\/\/robinc.ca\/en\/wp-json\/wp\/v2\/users\/1"}],"replies":[{"embeddable":true,"href":"https:\/\/robinc.ca\/en\/wp-json\/wp\/v2\/comments?post=3399"}],"version-history":[{"count":5,"href":"https:\/\/robinc.ca\/en\/wp-json\/wp\/v2\/pages\/3399\/revisions"}],"predecessor-version":[{"id":3740,"href":"https:\/\/robinc.ca\/en\/wp-json\/wp\/v2\/pages\/3399\/revisions\/3740"}],"wp:attachment":[{"href":"https:\/\/robinc.ca\/en\/wp-json\/wp\/v2\/media?parent=3399"}],"curies":[{"name":"wp","href":"https:\/\/api.w.org\/{rel}","templated":true}]}}